{"id":70,"date":"2024-09-02T15:21:53","date_gmt":"2024-09-02T13:21:53","guid":{"rendered":"https:\/\/adelinomagalhaes.com\/?page_id=70"},"modified":"2024-11-25T15:52:37","modified_gmt":"2024-11-25T14:52:37","slug":"contact","status":"publish","type":"page","link":"https:\/\/adelinomagalhaes.com\/es\/contact\/","title":{"rendered":"P\u00f3ngase en contacto con"},"content":{"rendered":"<div data-elementor-type=\"wp-page\" data-elementor-id=\"70\" class=\"elementor elementor-70\" data-elementor-post-type=\"page\">\n\t\t\t\t<div class=\"elementor-element elementor-element-e702b00 e-flex e-con-boxed e-con e-parent\" data-id=\"e702b00\" data-element_type=\"container\" data-e-type=\"container\" data-settings=\"{&quot;background_background&quot;:&quot;classic&quot;}\">\n\t\t\t\t\t<div class=\"e-con-inner\">\n\t\t\t\t<div class=\"elementor-element elementor-element-2f86306 elementor-widget elementor-widget-heading\" data-id=\"2f86306\" data-element_type=\"widget\" data-e-type=\"widget\" data-widget_type=\"heading.default\">\n\t\t\t\t<div class=\"elementor-widget-container\">\n\t\t\t\t\t<h2 class=\"elementor-heading-title elementor-size-default\">P\u00f3ngase en contacto con<\/h2>\t\t\t\t<\/div>\n\t\t\t\t<\/div>\n\t\t\t\t\t<\/div>\n\t\t\t\t<\/div>\n\t\t<div class=\"elementor-element elementor-element-5790dad7 e-flex e-con-boxed e-con e-parent\" data-id=\"5790dad7\" data-element_type=\"container\" data-e-type=\"container\" data-settings=\"{&quot;background_background&quot;:&quot;classic&quot;}\">\n\t\t\t\t\t<div class=\"e-con-inner\">\n\t\t<div class=\"elementor-element elementor-element-6fe756ed e-con-full e-flex e-con e-child\" data-id=\"6fe756ed\" data-element_type=\"container\" data-e-type=\"container\">\n\t\t<div class=\"elementor-element elementor-element-124869ec e-con-full e-flex e-con e-child\" data-id=\"124869ec\" data-element_type=\"container\" data-e-type=\"container\">\n\t\t\t\t<div class=\"elementor-element elementor-element-2a4d42eb elementor-widget elementor-widget-heading\" data-id=\"2a4d42eb\" data-element_type=\"widget\" data-e-type=\"widget\" data-widget_type=\"heading.default\">\n\t\t\t\t<div class=\"elementor-widget-container\">\n\t\t\t\t\t<span class=\"elementor-heading-title elementor-size-default\">En AMM Arquitectura valoramos la comunicaci\u00f3n directa y personalizada con nuestros clientes. Ll\u00e1menos, env\u00edenos un email o vis\u00edtenos en nuestro estudio de Madrid. Juntos encontraremos la mejor soluci\u00f3n para su proyecto.<\/span>\t\t\t\t<\/div>\n\t\t\t\t<\/div>\n\t\t<div class=\"elementor-element elementor-element-45769e7d e-con-full e-flex e-con e-child\" data-id=\"45769e7d\" data-element_type=\"container\" data-e-type=\"container\">\n\t\t\t\t<div class=\"elementor-element elementor-element-24f05ed7 elementor-widget__width-initial elementor-widget elementor-widget-heading\" data-id=\"24f05ed7\" data-element_type=\"widget\" data-e-type=\"widget\" data-widget_type=\"heading.default\">\n\t\t\t\t<div class=\"elementor-widget-container\">\n\t\t\t\t\t<p class=\"elementor-heading-title elementor-size-default\">DIRECCI\u00d3N<\/p>\t\t\t\t<\/div>\n\t\t\t\t<\/div>\n\t\t\t\t<div class=\"elementor-element elementor-element-746384bf elementor-widget__width-initial elementor-icon-list--layout-traditional elementor-list-item-link-full_width elementor-widget elementor-widget-icon-list\" data-id=\"746384bf\" data-element_type=\"widget\" data-e-type=\"widget\" data-widget_type=\"icon-list.default\">\n\t\t\t\t<div class=\"elementor-widget-container\">\n\t\t\t\t\t\t\t<ul class=\"elementor-icon-list-items\">\n\t\t\t\t\t\t\t<li class=\"elementor-icon-list-item\">\n\t\t\t\t\t\t\t\t\t\t<span class=\"elementor-icon-list-text\">Calle Federico Agust\u00ed 42, 28023 Madrid<\/span>\n\t\t\t\t\t\t\t\t\t<\/li>\n\t\t\t\t\t\t<\/ul>\n\t\t\t\t\t\t<\/div>\n\t\t\t\t<\/div>\n\t\t\t\t<\/div>\n\t\t<div class=\"elementor-element elementor-element-760b1d28 e-con-full e-flex e-con e-child\" data-id=\"760b1d28\" data-element_type=\"container\" data-e-type=\"container\">\n\t\t\t\t<div class=\"elementor-element elementor-element-18f012ac elementor-widget__width-initial elementor-widget elementor-widget-heading\" data-id=\"18f012ac\" data-element_type=\"widget\" data-e-type=\"widget\" data-widget_type=\"heading.default\">\n\t\t\t\t<div class=\"elementor-widget-container\">\n\t\t\t\t\t<p class=\"elementor-heading-title elementor-size-default\">TEL\u00c9FONO<\/p>\t\t\t\t<\/div>\n\t\t\t\t<\/div>\n\t\t\t\t<div class=\"elementor-element elementor-element-2453b054 elementor-widget__width-initial elementor-icon-list--layout-traditional elementor-list-item-link-full_width elementor-widget elementor-widget-icon-list\" data-id=\"2453b054\" data-element_type=\"widget\" data-e-type=\"widget\" data-widget_type=\"icon-list.default\">\n\t\t\t\t<div class=\"elementor-widget-container\">\n\t\t\t\t\t\t\t<ul class=\"elementor-icon-list-items\">\n\t\t\t\t\t\t\t<li class=\"elementor-icon-list-item\">\n\t\t\t\t\t\t\t\t\t\t<span class=\"elementor-icon-list-text\">+34 649 826 221 <\/span>\n\t\t\t\t\t\t\t\t\t<\/li>\n\t\t\t\t\t\t<\/ul>\n\t\t\t\t\t\t<\/div>\n\t\t\t\t<\/div>\n\t\t\t\t<\/div>\n\t\t<div class=\"elementor-element elementor-element-7ecc90c0 e-con-full e-flex e-con e-child\" data-id=\"7ecc90c0\" data-element_type=\"container\" data-e-type=\"container\">\n\t\t\t\t<div class=\"elementor-element elementor-element-19fde871 elementor-widget__width-initial elementor-widget elementor-widget-heading\" data-id=\"19fde871\" data-element_type=\"widget\" data-e-type=\"widget\" data-widget_type=\"heading.default\">\n\t\t\t\t<div class=\"elementor-widget-container\">\n\t\t\t\t\t<p class=\"elementor-heading-title elementor-size-default\">EMAIL<\/p>\t\t\t\t<\/div>\n\t\t\t\t<\/div>\n\t\t\t\t<div class=\"elementor-element elementor-element-1cd3fc47 elementor-widget__width-initial elementor-icon-list--layout-traditional elementor-list-item-link-full_width elementor-widget elementor-widget-icon-list\" data-id=\"1cd3fc47\" data-element_type=\"widget\" data-e-type=\"widget\" data-widget_type=\"icon-list.default\">\n\t\t\t\t<div class=\"elementor-widget-container\">\n\t\t\t\t\t\t\t<ul class=\"elementor-icon-list-items\">\n\t\t\t\t\t\t\t<li class=\"elementor-icon-list-item\">\n\t\t\t\t\t\t\t\t\t\t<span class=\"elementor-icon-list-text\">estudio@adelinomagalhaes.com<\/span>\n\t\t\t\t\t\t\t\t\t<\/li>\n\t\t\t\t\t\t<\/ul>\n\t\t\t\t\t\t<\/div>\n\t\t\t\t<\/div>\n\t\t\t\t<\/div>\n\t\t\t\t<\/div>\n\t\t<div class=\"elementor-element elementor-element-592dcdfe e-con-full e-flex e-con e-child\" data-id=\"592dcdfe\" data-element_type=\"container\" data-e-type=\"container\">\n\t\t\t\t<div class=\"elementor-element elementor-element-378294d5 elementor-widget__width-initial elementor-widget elementor-widget-google_maps\" data-id=\"378294d5\" data-element_type=\"widget\" data-e-type=\"widget\" data-widget_type=\"google_maps.default\">\n\t\t\t\t<div class=\"elementor-widget-container\">\n\t\t\t\t\t\t\t<div class=\"elementor-custom-embed\">\n\t\t\t<iframe loading=\"lazy\"\n\t\t\t\t\tsrc=\"https:\/\/maps.google.com\/maps?q=Calle%20Federico%20Agust%C3%AD%2042%2C%2028023%20Madrid&#038;t=m&#038;z=15&#038;output=embed&#038;iwloc=near\"\n\t\t\t\t\ttitle=\"Calle Federico Agust\u00ed 42, 28023 Madrid\"\n\t\t\t\t\taria-label=\"Calle Federico Agust\u00ed 42, 28023 Madrid\"\n\t\t\t><\/iframe>\n\t\t<\/div>\n\t\t\t\t\t\t<\/div>\n\t\t\t\t<\/div>\n\t\t\t\t<\/div>\n\t\t\t\t<\/div>\n\t\t\t\t\t<\/div>\n\t\t\t\t<\/div>\n\t\t\t\t<\/div>","protected":false},"excerpt":{"rendered":"<p>At AMM Arquitectura, we value direct and personalized communication with our clients. Call us, send us an email or visit us at our studio in Madrid. Together, we will find the best solution for your project. ADDRESS Calle Federico Agust\u00ed 42, 28023 Madrid PHONE +34 649 826 221 EMAIL estudio@adelinomagalhaes.com<\/p>","protected":false},"author":2,"featured_media":0,"parent":0,"menu_order":5,"comment_status":"closed","ping_status":"closed","template":"","meta":{"footnotes":""},"class_list":["post-70","page","type-page","status-publish","hentry"],"yoast_head":"<!-- This site is optimized with the Yoast SEO plugin v27.4 - https:\/\/yoast.com\/product\/yoast-seo-wordpress\/ -->\n<title>Contact - Hablemos de tu Proyecto<\/title>\n<meta name=\"description\" content=\"At AMM Arquitectura, we value direct and personalized communication with our clients. Call us, send us an email or visit us at our studio in Madrid. Together, we will find the best solution for your project. ADDRESS Calle Federico Agust\u00ed 42, 28023 Madrid PHONE +34 649 826 221 EMAIL estudio@adelinomagalhaes.com\" \/>\n<meta name=\"robots\" content=\"index, follow, max-snippet:-1, max-image-preview:large, max-video-preview:-1\" \/>\n<link rel=\"canonical\" href=\"https:\/\/adelinomagalhaes.com\/es\/contact\/\" \/>\n<meta property=\"og:locale\" content=\"es_ES\" \/>\n<meta property=\"og:type\" content=\"article\" \/>\n<meta property=\"og:title\" content=\"Contact - Hablemos de tu Proyecto\" \/>\n<meta property=\"og:description\" content=\"En AMM Arquitectura queremos conocer tus ideas. Cont\u00e1ctanos para asesor\u00eda personalizada en dise\u00f1o arquitect\u00f3nico y gesti\u00f3n de proyectos. \u00a1Tu proyecto empieza aqu\u00ed!\" \/>\n<meta property=\"og:url\" content=\"https:\/\/adelinomagalhaes.com\/es\/contact\/\" \/>\n<meta property=\"og:site_name\" content=\"AMM\" \/>\n<meta property=\"article:modified_time\" content=\"2024-11-25T14:52:37+00:00\" \/>\n<meta name=\"twitter:card\" content=\"summary_large_image\" \/>\n<script type=\"application\/ld+json\" class=\"yoast-schema-graph\">{\"@context\":\"https:\\\/\\\/schema.org\",\"@graph\":[{\"@type\":\"WebPage\",\"@id\":\"https:\\\/\\\/adelinomagalhaes.com\\\/contact\\\/\",\"url\":\"https:\\\/\\\/adelinomagalhaes.com\\\/contact\\\/\",\"name\":\"Contact - Hablemos de tu Proyecto\",\"isPartOf\":{\"@id\":\"https:\\\/\\\/adelinomagalhaes.com\\\/#website\"},\"datePublished\":\"2024-09-02T13:21:53+00:00\",\"dateModified\":\"2024-11-25T14:52:37+00:00\",\"description\":\"En AMM Arquitectura queremos conocer tus ideas. Cont\u00e1ctanos para asesor\u00eda personalizada en dise\u00f1o arquitect\u00f3nico y gesti\u00f3n de proyectos. \u00a1Tu proyecto empieza aqu\u00ed!\",\"breadcrumb\":{\"@id\":\"https:\\\/\\\/adelinomagalhaes.com\\\/contact\\\/#breadcrumb\"},\"inLanguage\":\"es\",\"potentialAction\":[{\"@type\":\"ReadAction\",\"target\":[\"https:\\\/\\\/adelinomagalhaes.com\\\/contact\\\/\"]}]},{\"@type\":\"BreadcrumbList\",\"@id\":\"https:\\\/\\\/adelinomagalhaes.com\\\/contact\\\/#breadcrumb\",\"itemListElement\":[{\"@type\":\"ListItem\",\"position\":1,\"name\":\"Portada\",\"item\":\"https:\\\/\\\/adelinomagalhaes.com\\\/\"},{\"@type\":\"ListItem\",\"position\":2,\"name\":\"Contact\"}]},{\"@type\":\"WebSite\",\"@id\":\"https:\\\/\\\/adelinomagalhaes.com\\\/#website\",\"url\":\"https:\\\/\\\/adelinomagalhaes.com\\\/\",\"name\":\"AMM\",\"description\":\"Estudio de arquitecturas urbanismo y design en Madrid\",\"publisher\":{\"@id\":\"https:\\\/\\\/adelinomagalhaes.com\\\/#organization\"},\"potentialAction\":[{\"@type\":\"SearchAction\",\"target\":{\"@type\":\"EntryPoint\",\"urlTemplate\":\"https:\\\/\\\/adelinomagalhaes.com\\\/?s={search_term_string}\"},\"query-input\":{\"@type\":\"PropertyValueSpecification\",\"valueRequired\":true,\"valueName\":\"search_term_string\"}}],\"inLanguage\":\"es\"},{\"@type\":\"Organization\",\"@id\":\"https:\\\/\\\/adelinomagalhaes.com\\\/#organization\",\"name\":\"AMM\",\"url\":\"https:\\\/\\\/adelinomagalhaes.com\\\/\",\"logo\":{\"@type\":\"ImageObject\",\"inLanguage\":\"es\",\"@id\":\"https:\\\/\\\/adelinomagalhaes.com\\\/#\\\/schema\\\/logo\\\/image\\\/\",\"url\":\"https:\\\/\\\/adelinomagalhaes.com\\\/wp-content\\\/uploads\\\/2024\\\/09\\\/logoweb-amm-negro.png\",\"contentUrl\":\"https:\\\/\\\/adelinomagalhaes.com\\\/wp-content\\\/uploads\\\/2024\\\/09\\\/logoweb-amm-negro.png\",\"width\":404,\"height\":178,\"caption\":\"AMM\"},\"image\":{\"@id\":\"https:\\\/\\\/adelinomagalhaes.com\\\/#\\\/schema\\\/logo\\\/image\\\/\"}}]}<\/script>\n<!-- \/ Yoast SEO plugin. -->","yoast_head_json":{"title":"Contact - Hablemos de tu Proyecto","description":"At AMM Arquitectura, we value direct and personalized communication with our clients. Call us, send us an email or visit us at our studio in Madrid. Together, we will find the best solution for your project. ADDRESS Calle Federico Agust\u00ed 42, 28023 Madrid PHONE +34 649 826 221 EMAIL estudio@adelinomagalhaes.com","robots":{"index":"index","follow":"follow","max-snippet":"max-snippet:-1","max-image-preview":"max-image-preview:large","max-video-preview":"max-video-preview:-1"},"canonical":"https:\/\/adelinomagalhaes.com\/es\/contact\/","og_locale":"es_ES","og_type":"article","og_title":"Contact - Hablemos de tu Proyecto","og_description":"En AMM Arquitectura queremos conocer tus ideas. Cont\u00e1ctanos para asesor\u00eda personalizada en dise\u00f1o arquitect\u00f3nico y gesti\u00f3n de proyectos. \u00a1Tu proyecto empieza aqu\u00ed!","og_url":"https:\/\/adelinomagalhaes.com\/es\/contact\/","og_site_name":"AMM","article_modified_time":"2024-11-25T14:52:37+00:00","twitter_card":"summary_large_image","schema":{"@context":"https:\/\/schema.org","@graph":[{"@type":"WebPage","@id":"https:\/\/adelinomagalhaes.com\/contact\/","url":"https:\/\/adelinomagalhaes.com\/contact\/","name":"Contact - Hablemos de tu Proyecto","isPartOf":{"@id":"https:\/\/adelinomagalhaes.com\/#website"},"datePublished":"2024-09-02T13:21:53+00:00","dateModified":"2024-11-25T14:52:37+00:00","description":"En AMM Arquitectura queremos conocer tus ideas. Cont\u00e1ctanos para asesor\u00eda personalizada en dise\u00f1o arquitect\u00f3nico y gesti\u00f3n de proyectos. \u00a1Tu proyecto empieza aqu\u00ed!","breadcrumb":{"@id":"https:\/\/adelinomagalhaes.com\/contact\/#breadcrumb"},"inLanguage":"es","potentialAction":[{"@type":"ReadAction","target":["https:\/\/adelinomagalhaes.com\/contact\/"]}]},{"@type":"BreadcrumbList","@id":"https:\/\/adelinomagalhaes.com\/contact\/#breadcrumb","itemListElement":[{"@type":"ListItem","position":1,"name":"Portada","item":"https:\/\/adelinomagalhaes.com\/"},{"@type":"ListItem","position":2,"name":"Contact"}]},{"@type":"WebSite","@id":"https:\/\/adelinomagalhaes.com\/#website","url":"https:\/\/adelinomagalhaes.com\/","name":"AMM","description":"Estudio de arquitecturas urbanismo y dise\u00f1o en Madrid","publisher":{"@id":"https:\/\/adelinomagalhaes.com\/#organization"},"potentialAction":[{"@type":"SearchAction","target":{"@type":"EntryPoint","urlTemplate":"https:\/\/adelinomagalhaes.com\/?s={search_term_string}"},"query-input":{"@type":"PropertyValueSpecification","valueRequired":true,"valueName":"search_term_string"}}],"inLanguage":"es"},{"@type":"Organization","@id":"https:\/\/adelinomagalhaes.com\/#organization","name":"AMM","url":"https:\/\/adelinomagalhaes.com\/","logo":{"@type":"ImageObject","inLanguage":"es","@id":"https:\/\/adelinomagalhaes.com\/#\/schema\/logo\/image\/","url":"https:\/\/adelinomagalhaes.com\/wp-content\/uploads\/2024\/09\/logoweb-amm-negro.png","contentUrl":"https:\/\/adelinomagalhaes.com\/wp-content\/uploads\/2024\/09\/logoweb-amm-negro.png","width":404,"height":178,"caption":"AMM"},"image":{"@id":"https:\/\/adelinomagalhaes.com\/#\/schema\/logo\/image\/"}}]}},"_links":{"self":[{"href":"https:\/\/adelinomagalhaes.com\/es\/wp-json\/wp\/v2\/pages\/70","targetHints":{"allow":["GET"]}}],"collection":[{"href":"https:\/\/adelinomagalhaes.com\/es\/wp-json\/wp\/v2\/pages"}],"about":[{"href":"https:\/\/adelinomagalhaes.com\/es\/wp-json\/wp\/v2\/types\/page"}],"author":[{"embeddable":true,"href":"https:\/\/adelinomagalhaes.com\/es\/wp-json\/wp\/v2\/users\/2"}],"replies":[{"embeddable":true,"href":"https:\/\/adelinomagalhaes.com\/es\/wp-json\/wp\/v2\/comments?post=70"}],"version-history":[{"count":26,"href":"https:\/\/adelinomagalhaes.com\/es\/wp-json\/wp\/v2\/pages\/70\/revisions"}],"predecessor-version":[{"id":964,"href":"https:\/\/adelinomagalhaes.com\/es\/wp-json\/wp\/v2\/pages\/70\/revisions\/964"}],"wp:attachment":[{"href":"https:\/\/adelinomagalhaes.com\/es\/wp-json\/wp\/v2\/media?parent=70"}],"curies":[{"name":"wp","href":"https:\/\/api.w.org\/{rel}","templated":true}]}}